{"id":430,"date":"2019-09-02T16:15:00","date_gmt":"2019-09-02T14:15:00","guid":{"rendered":"https:\/\/alp2100.ch\/?page_id=430"},"modified":"2024-09-26T18:14:51","modified_gmt":"2024-09-26T16:14:51","slug":"access-eagles-nest-chalet-to-rent-in-the-swiss-alps-evolene-valais","status":"publish","type":"page","link":"https:\/\/alp2100.ch\/en\/access-eagles-nest-chalet-to-rent-in-the-swiss-alps-evolene-valais\/","title":{"rendered":"How to get there ?"},"content":{"rendered":"            <script type=\"text\/javascript\">\r\n                jQuery(document).ready(function ($) {\r\n                    var wgm_map = new google.maps.Map(document.getElementById(\"srm_gmp_embed_1\"), {\r\n                        center: new google.maps.LatLng(46.113213270066716,7.522845288574014),\r\n                        zoom: 13,\r\n                        mapTypeId: google.maps.MapTypeId.ROADMAP,\r\n                        scrollwheel: true,\r\n                        zoomControl: true,\r\n                        mapTypeControl: true,\r\n                        streetViewControl: true,\r\n                        fullscreenControl: true,\r\n                        draggable: true,\r\n                        disableDoubleClickZoom: false,\r\n                        panControl: true                    });\r\n                    var wgm_theme_json = \"[]\";\r\n                    if (wgm_theme_json && wgm_theme_json.length > 0) {\r\n                        try {\r\n                            wgm_map.setOptions({ styles: JSON.parse(wgm_theme_json) });\r\n                        } catch (e) {\r\n                            console.error('Invalid map theme JSON:', e);\r\n                        }\r\n                    }\r\n                    \/\/ To view directions form and data\r\n                                        var wgm_data_1 = {\r\n                        'action': 'wpgmapembed_p_get_markers_by_map_id',\r\n                        _wgm_p_nonce: '5746c4dd9b',\r\n                        'data': {\r\n                            map_id: '870'\r\n                        }\r\n                    };\r\n                    var wgm_ajaxurl_1 = 'https:\/\/alp2100.ch\/wp-admin\/admin-ajax.php'\r\n                    jQuery.post(wgm_ajaxurl_1, wgm_data_1, function (response) {\r\n                        response = JSON.parse(response);\r\n                        if (response.markers.length === 1) {\r\n                            var wgm_marker_to_1 = response.markers[0].marker_desc;\r\n                            jQuery('#srm_gmap_to_1').val(wgm_marker_to_1.replace(\/(<([^>]+)>)\/gi, \"\"));\r\n                        }\r\n                        var wgm_default_marker_icon_1 = 'https:\/\/maps.gstatic.com\/mapfiles\/api-3\/images\/spotlight-poi2.png';\r\n                        if (response.markers.length > 0) {\r\n                            var custom_markers = [];\r\n                            var custom_marker_infowindows = [];\r\n                            response.markers.forEach(function (wgm_marker, i) {\r\n                                var wgm_marker_lat_lng_1 = wgm_marker.lat_lng.split(',');\r\n                                wgm_custom_marker_1 = new google.maps.Marker({\r\n                                    position: new google.maps.LatLng(wgm_marker_lat_lng_1[0], wgm_marker_lat_lng_1[1]),\r\n                                    title: wgm_marker.marker_name,\r\n                                    animation: google.maps.Animation.DROP,\r\n                                    icon: (wgm_marker.icon === '') ? wgm_default_marker_icon_1 : wgm_marker.icon\r\n                                });\r\n                                custom_markers[i] = wgm_custom_marker_1;\r\n                                wgm_custom_marker_1.setMap(wgm_map);\r\n                                var wgm_marker_name_1 = (wgm_marker.marker_name !== null) ? ('<span class=\"info_content_title\" style=\"font-size:18px;font-weight: bold;font-family: Arial;\">'\r\n                                    + wgm_marker.marker_name +\r\n                                    '<\/span><br\/>') : '';\r\n                                custom_marker_infowindow = new google.maps.InfoWindow({\r\n                                    content: wgm_marker_name_1 + wgm_marker.marker_desc\r\n                                });\r\n                                custom_marker_infowindows[i] = custom_marker_infowindow;\r\n                                if (wgm_marker.show_desc_by_default === '1') {\r\n                                    custom_marker_infowindow.open({\r\n                                        anchor: wgm_custom_marker_1,\r\n                                        shouldFocus: false\r\n                                    });\r\n                                } else {\r\n                                    google.maps.event.addListener(wgm_custom_marker_1, 'click', function () {\r\n                                        custom_marker_infowindows[i].open({\r\n                                            anchor: custom_markers[i],\r\n                                            shouldFocus: false\r\n                                        });\r\n                                    });\r\n                                }\r\n                                if (wgm_marker.have_marker_link === '1') {\r\n                                    google.maps.event.addListener(wgm_custom_marker_1, 'click', function () {\r\n                                        var wgm_target = '_self';\r\n                                        if (wgm_marker.marker_link_new_tab === '1') {\r\n                                            wgm_target = '_blank';\r\n                                        }\r\n                                        window.open(wgm_marker.marker_link, wgm_target);\r\n                                    });\r\n                                }\r\n                            });\r\n                        }\r\n                    });\r\n                });\r\n\r\n            <\/script>\r\n\r\n            <div id=\"srm_gmp_embed_1\"\r\n                style=\"width:100% !important;height:300px  !important; \">\r\n            <\/div>\r\n                    \n\n\n\n<p><\/p>\n\n\n\n<p>From the motorway, whether you are coming from Lausanne or Brig, take the Sion-Est exit and follow signs for Val d&#8217;H\u00e9rens. Evol\u00e8ne is in the Val d&#8217;H\u00e9rens, 25 km from Sion. When you reach the village of Vex, turn left and follow the main road to Evol\u00e8ne, then Les Haud\u00e8res.<\/p>\n\n\n\n<p>At Les Haud\u00e8res, head towards La Sage, then Villaz. 50m before the end of the road in Villaz, follow the Cotter road, which is tarmac for 2km, then dirt. Follow it to the summit at 2100m.<\/p>\n\n\n\n<p>Chalet Alp 2100<br>Route des Lachiores 6<br>CH-1985 La Sage<br>Latitude : 46.11475 | Longitude : 7.52185<\/p>\n\n\n\n<p><\/p>\n","protected":false},"excerpt":{"rendered":"<p>From the motorway, whether you are coming from Lausanne or Brig, take the Sion-Est exit and follow signs for Val d&#8217;H\u00e9rens. Evol\u00e8ne is in the Val d&#8217;H\u00e9rens, 25 km from Sion. When you reach the village of Vex, turn left&#8230; <\/p>\n","protected":false},"author":1,"featured_media":424,"parent":0,"menu_order":0,"comment_status":"closed","ping_status":"closed","template":"","meta":{"footnotes":""},"class_list":["post-430","page","type-page","status-publish","has-post-thumbnail","hentry"],"yoast_head":"<!-- This site is optimized with the Yoast SEO plugin v25.9 - https:\/\/yoast.com\/wordpress\/plugins\/seo\/ -->\n<title>Access | Eagle&#039;s nest | Chalet to rent in the swiss Alps (Evolene,Valais)<\/title>\n<meta name=\"description\" content=\"Your holidays in an authentic chalet to rent, built in 1911. Homecoming and healing facing one of the best views of the Alps.\" \/>\n<meta name=\"robots\" content=\"index, follow, max-snippet:-1, max-image-preview:large, max-video-preview:-1\" \/>\n<link rel=\"canonical\" href=\"https:\/\/alp2100.ch\/en\/access-eagles-nest-chalet-to-rent-in-the-swiss-alps-evolene-valais\/\" \/>\n<meta property=\"og:locale\" content=\"en_US\" \/>\n<meta property=\"og:type\" content=\"article\" \/>\n<meta property=\"og:title\" content=\"Access | Eagle&#039;s nest | Chalet to rent in the swiss Alps (Evolene,Valais)\" \/>\n<meta property=\"og:description\" content=\"Your holidays in an authentic chalet to rent, built in 1911. Homecoming and healing facing one of the best views of the Alps.\" \/>\n<meta property=\"og:url\" content=\"https:\/\/alp2100.ch\/en\/access-eagles-nest-chalet-to-rent-in-the-swiss-alps-evolene-valais\/\" \/>\n<meta property=\"og:site_name\" content=\"Alp 2100 | Mayen \u00e0 louer en Valais (Suisse) | Location mazot | Chalet isol\u00e9\" \/>\n<meta property=\"article:modified_time\" content=\"2024-09-26T16:14:51+00:00\" \/>\n<meta property=\"og:image\" content=\"https:\/\/alp2100.ch\/wp-content\/uploads\/2019\/09\/Chalet_Nid_d_Aigle_Volovron_le_peyo-1024x251.jpg\" \/>\n\t<meta property=\"og:image:width\" content=\"1024\" \/>\n\t<meta property=\"og:image:height\" content=\"251\" \/>\n\t<meta property=\"og:image:type\" content=\"image\/jpeg\" \/>\n<meta name=\"twitter:card\" content=\"summary_large_image\" \/>\n<meta name=\"twitter:label1\" content=\"Est. reading time\" \/>\n\t<meta name=\"twitter:data1\" content=\"1 minute\" \/>\n<script type=\"application\/ld+json\" class=\"yoast-schema-graph\">{\"@context\":\"https:\/\/schema.org\",\"@graph\":[{\"@type\":\"WebPage\",\"@id\":\"https:\/\/alp2100.ch\/en\/access-eagles-nest-chalet-to-rent-in-the-swiss-alps-evolene-valais\/\",\"url\":\"https:\/\/alp2100.ch\/en\/access-eagles-nest-chalet-to-rent-in-the-swiss-alps-evolene-valais\/\",\"name\":\"Access | Eagle's nest | Chalet to rent in the swiss Alps (Evolene,Valais)\",\"isPartOf\":{\"@id\":\"https:\/\/alp2100.ch\/en\/#website\"},\"primaryImageOfPage\":{\"@id\":\"https:\/\/alp2100.ch\/en\/access-eagles-nest-chalet-to-rent-in-the-swiss-alps-evolene-valais\/#primaryimage\"},\"image\":{\"@id\":\"https:\/\/alp2100.ch\/en\/access-eagles-nest-chalet-to-rent-in-the-swiss-alps-evolene-valais\/#primaryimage\"},\"thumbnailUrl\":\"https:\/\/alp2100.ch\/wp-content\/uploads\/2019\/09\/Chalet_Nid_d_Aigle_Volovron_le_peyo.jpg\",\"datePublished\":\"2019-09-02T14:15:00+00:00\",\"dateModified\":\"2024-09-26T16:14:51+00:00\",\"description\":\"Your holidays in an authentic chalet to rent, built in 1911. Homecoming and healing facing one of the best views of the Alps.\",\"breadcrumb\":{\"@id\":\"https:\/\/alp2100.ch\/en\/access-eagles-nest-chalet-to-rent-in-the-swiss-alps-evolene-valais\/#breadcrumb\"},\"inLanguage\":\"en-US\",\"potentialAction\":[{\"@type\":\"ReadAction\",\"target\":[\"https:\/\/alp2100.ch\/en\/access-eagles-nest-chalet-to-rent-in-the-swiss-alps-evolene-valais\/\"]}]},{\"@type\":\"ImageObject\",\"inLanguage\":\"en-US\",\"@id\":\"https:\/\/alp2100.ch\/en\/access-eagles-nest-chalet-to-rent-in-the-swiss-alps-evolene-valais\/#primaryimage\",\"url\":\"https:\/\/alp2100.ch\/wp-content\/uploads\/2019\/09\/Chalet_Nid_d_Aigle_Volovron_le_peyo.jpg\",\"contentUrl\":\"https:\/\/alp2100.ch\/wp-content\/uploads\/2019\/09\/Chalet_Nid_d_Aigle_Volovron_le_peyo.jpg\",\"width\":4432,\"height\":1088,\"caption\":\"Hut \/ Chalet Eagle\u2019s Nest (Evol\u00e8ne,Valais,Switzerland) - mountain cabin to rent in the swiss Alps\"},{\"@type\":\"BreadcrumbList\",\"@id\":\"https:\/\/alp2100.ch\/en\/access-eagles-nest-chalet-to-rent-in-the-swiss-alps-evolene-valais\/#breadcrumb\",\"itemListElement\":[{\"@type\":\"ListItem\",\"position\":1,\"name\":\"Accueil\",\"item\":\"https:\/\/alp2100.ch\/en\/\"},{\"@type\":\"ListItem\",\"position\":2,\"name\":\"How to get there ?\"}]},{\"@type\":\"WebSite\",\"@id\":\"https:\/\/alp2100.ch\/en\/#website\",\"url\":\"https:\/\/alp2100.ch\/en\/\",\"name\":\"Alp 2100 | Mayen \u00e0 louer en Valais (Suisse) | Location mazot | Chalet isol\u00e9\",\"description\":\"\",\"potentialAction\":[{\"@type\":\"SearchAction\",\"target\":{\"@type\":\"EntryPoint\",\"urlTemplate\":\"https:\/\/alp2100.ch\/en\/?s={search_term_string}\"},\"query-input\":{\"@type\":\"PropertyValueSpecification\",\"valueRequired\":true,\"valueName\":\"search_term_string\"}}],\"inLanguage\":\"en-US\"}]}<\/script>\n<!-- \/ Yoast SEO plugin. -->","yoast_head_json":{"title":"Access | Eagle's nest | Chalet to rent in the swiss Alps (Evolene,Valais)","description":"Your holidays in an authentic chalet to rent, built in 1911. Homecoming and healing facing one of the best views of the Alps.","robots":{"index":"index","follow":"follow","max-snippet":"max-snippet:-1","max-image-preview":"max-image-preview:large","max-video-preview":"max-video-preview:-1"},"canonical":"https:\/\/alp2100.ch\/en\/access-eagles-nest-chalet-to-rent-in-the-swiss-alps-evolene-valais\/","og_locale":"en_US","og_type":"article","og_title":"Access | Eagle's nest | Chalet to rent in the swiss Alps (Evolene,Valais)","og_description":"Your holidays in an authentic chalet to rent, built in 1911. Homecoming and healing facing one of the best views of the Alps.","og_url":"https:\/\/alp2100.ch\/en\/access-eagles-nest-chalet-to-rent-in-the-swiss-alps-evolene-valais\/","og_site_name":"Alp 2100 | Mayen \u00e0 louer en Valais (Suisse) | Location mazot | Chalet isol\u00e9","article_modified_time":"2024-09-26T16:14:51+00:00","og_image":[{"width":1024,"height":251,"url":"https:\/\/alp2100.ch\/wp-content\/uploads\/2019\/09\/Chalet_Nid_d_Aigle_Volovron_le_peyo-1024x251.jpg","type":"image\/jpeg"}],"twitter_card":"summary_large_image","twitter_misc":{"Est. reading time":"1 minute"},"schema":{"@context":"https:\/\/schema.org","@graph":[{"@type":"WebPage","@id":"https:\/\/alp2100.ch\/en\/access-eagles-nest-chalet-to-rent-in-the-swiss-alps-evolene-valais\/","url":"https:\/\/alp2100.ch\/en\/access-eagles-nest-chalet-to-rent-in-the-swiss-alps-evolene-valais\/","name":"Access | Eagle's nest | Chalet to rent in the swiss Alps (Evolene,Valais)","isPartOf":{"@id":"https:\/\/alp2100.ch\/en\/#website"},"primaryImageOfPage":{"@id":"https:\/\/alp2100.ch\/en\/access-eagles-nest-chalet-to-rent-in-the-swiss-alps-evolene-valais\/#primaryimage"},"image":{"@id":"https:\/\/alp2100.ch\/en\/access-eagles-nest-chalet-to-rent-in-the-swiss-alps-evolene-valais\/#primaryimage"},"thumbnailUrl":"https:\/\/alp2100.ch\/wp-content\/uploads\/2019\/09\/Chalet_Nid_d_Aigle_Volovron_le_peyo.jpg","datePublished":"2019-09-02T14:15:00+00:00","dateModified":"2024-09-26T16:14:51+00:00","description":"Your holidays in an authentic chalet to rent, built in 1911. Homecoming and healing facing one of the best views of the Alps.","breadcrumb":{"@id":"https:\/\/alp2100.ch\/en\/access-eagles-nest-chalet-to-rent-in-the-swiss-alps-evolene-valais\/#breadcrumb"},"inLanguage":"en-US","potentialAction":[{"@type":"ReadAction","target":["https:\/\/alp2100.ch\/en\/access-eagles-nest-chalet-to-rent-in-the-swiss-alps-evolene-valais\/"]}]},{"@type":"ImageObject","inLanguage":"en-US","@id":"https:\/\/alp2100.ch\/en\/access-eagles-nest-chalet-to-rent-in-the-swiss-alps-evolene-valais\/#primaryimage","url":"https:\/\/alp2100.ch\/wp-content\/uploads\/2019\/09\/Chalet_Nid_d_Aigle_Volovron_le_peyo.jpg","contentUrl":"https:\/\/alp2100.ch\/wp-content\/uploads\/2019\/09\/Chalet_Nid_d_Aigle_Volovron_le_peyo.jpg","width":4432,"height":1088,"caption":"Hut \/ Chalet Eagle\u2019s Nest (Evol\u00e8ne,Valais,Switzerland) - mountain cabin to rent in the swiss Alps"},{"@type":"BreadcrumbList","@id":"https:\/\/alp2100.ch\/en\/access-eagles-nest-chalet-to-rent-in-the-swiss-alps-evolene-valais\/#breadcrumb","itemListElement":[{"@type":"ListItem","position":1,"name":"Accueil","item":"https:\/\/alp2100.ch\/en\/"},{"@type":"ListItem","position":2,"name":"How to get there ?"}]},{"@type":"WebSite","@id":"https:\/\/alp2100.ch\/en\/#website","url":"https:\/\/alp2100.ch\/en\/","name":"Alp 2100 | Mayen \u00e0 louer en Valais (Suisse) | Location mazot | Chalet isol\u00e9","description":"","potentialAction":[{"@type":"SearchAction","target":{"@type":"EntryPoint","urlTemplate":"https:\/\/alp2100.ch\/en\/?s={search_term_string}"},"query-input":{"@type":"PropertyValueSpecification","valueRequired":true,"valueName":"search_term_string"}}],"inLanguage":"en-US"}]}},"_links":{"self":[{"href":"https:\/\/alp2100.ch\/en\/wp-json\/wp\/v2\/pages\/430","targetHints":{"allow":["GET"]}}],"collection":[{"href":"https:\/\/alp2100.ch\/en\/wp-json\/wp\/v2\/pages"}],"about":[{"href":"https:\/\/alp2100.ch\/en\/wp-json\/wp\/v2\/types\/page"}],"author":[{"embeddable":true,"href":"https:\/\/alp2100.ch\/en\/wp-json\/wp\/v2\/users\/1"}],"replies":[{"embeddable":true,"href":"https:\/\/alp2100.ch\/en\/wp-json\/wp\/v2\/comments?post=430"}],"version-history":[{"count":3,"href":"https:\/\/alp2100.ch\/en\/wp-json\/wp\/v2\/pages\/430\/revisions"}],"predecessor-version":[{"id":916,"href":"https:\/\/alp2100.ch\/en\/wp-json\/wp\/v2\/pages\/430\/revisions\/916"}],"wp:featuredmedia":[{"embeddable":true,"href":"https:\/\/alp2100.ch\/en\/wp-json\/wp\/v2\/media\/424"}],"wp:attachment":[{"href":"https:\/\/alp2100.ch\/en\/wp-json\/wp\/v2\/media?parent=430"}],"curies":[{"name":"wp","href":"https:\/\/api.w.org\/{rel}","templated":true}]}}