{"id":444,"date":"2019-09-02T16:37:05","date_gmt":"2019-09-02T14:37:05","guid":{"rendered":"https:\/\/alp2100.ch\/?page_id=444"},"modified":"2024-09-27T16:02:21","modified_gmt":"2024-09-27T14:02:21","slug":"preise-mietbedingungen-adlernest-mayensaess-zu-mietein-in-wallis","status":"publish","type":"page","link":"https:\/\/alp2100.ch\/de\/preise-mietbedingungen-adlernest-mayensaess-zu-mietein-in-wallis\/","title":{"rendered":"Buchen, Verf\u00fcgbarkeiten und allgemeine Bedingungen"},"content":{"rendered":"\n<p>Preise auf Anfrage. Aufenth\u00e4lte von midestens 7 N\u00e4chte.<\/p>\n<p>F\u00fcr Anmietungen von l\u00e4ngerer Dauer wird ein Rabatt von 10% f\u00fcr zus\u00e4tzliche Woche angewendet .<br \/>\nAufenthalte unter 7 N\u00e4chte m\u00f6glich nur f\u00fcr &#8222;Last Minute&#8220; Buchungen.<br \/>\nWochenweise Vermietung von Samstag 16 Uhr bis bis zum folgenden Samstag 9 Uhr<br \/>\nNebenkosten : Holz, Kurtaxe.<br \/>\nOptionen : Endreinigung und Bettw\u00e4sche<\/p>\n<p><strong>Zahlungsbedingungen<\/strong><\/p>\n<p>Die Kurtaxe bel\u00e4uft sich auf CHF 2.50 pro Erwachsenen und Nacht; Kinder von 6 bis 16 Jahren bezahlen die H\u00e4lfte. Bettw\u00e4sche wird auf Wunsch und gegen ein Entgelt von CHF 35.00 pro Person zur Verf\u00fcgung gestellt.<\/p>\n<p>Anzahlung: 50 % des Mietpreises f\u00e4llig zum Zeitpunkt der Reservation. Die geleistete Anzahlung dient gleichzeitig als Reservationsbest\u00e4tigung. Die Anzahlung musst auf das Konto CH73 0840 1000 0622 2712 2 eingezahlt werden.. Der gesamte Betrag ist vorab zu entrichten wenn der Mietpreis CHF 250.00 nicht \u00fcbersteigt. Die Reservation ist erst nach dem Erhalt der Anzahlung g\u00fcltig und definitiv.<\/p>\n<p>Der Restbetrag wird sp\u00e4testens 30 Tage vor Anreise bezahlt.<\/p>\n<p><strong>Annullierung<\/strong><\/p>\n<p>Im Falle einer Annullierung mehr als 30 Tage vor Mietbeginn ist der Mieter zur Zahlung von 50 % des Mietpreises, jedoch mindestens von CHF 250.00, verpflichtet. Im Falle einer Annullierung weniger als 30 Tage vor Mietbeginn oder im Falle einer vorzeitigen Abreise ist der Mieter verpflichtet, den gesamten vereinbarten Mietpreis zu bezahlen.<\/p>\n<p><strong>Kaution<\/strong><br \/>\nEine Anzahlung von CHF 300.00\/EUR 300.00 am Anfang des Wohnsitzes als Sicherheiten f\u00fcr St\u00e4nde-werden ist ben\u00f6tigt<\/p>\n<p><strong>Allgemeinen Bedingungen <\/strong><\/p>\n<p>Die R\u00e4umlichkeiten in ihrem urspr\u00fcnglichen Zustand zu belassen und nach Ablauf des Mietvertrags das Mietobjekt einschliesslich vollst\u00e4ndigem Inventar in perfekt aufger\u00e4umtem und sauberem Zustand zu \u00fcbergeben. Im gegenteiligen Fall wird die nachtr\u00e4gliche Reinigung mit CHF120.00 in Rechnung gestellt<\/p>\n<p>Der Mieter ist durch eine Privathaftpflichtversicherung versichert.<\/p>\n<p>Im Fall der folgenden, innerhalb des Mietobjekts oder in dessen Umgebung vorfallenden Ereignisse schliesst der Eigent\u00fcmer jegliche Haftung aus: Unfall, Verlust oder Besch\u00e4digung von Eigentum, Diebstahl, sowie andere Sch\u00e4digungen und Nachteile.<\/p>\n<p>Im Falle von Ereignissen von h\u00f6herer Gewalt wie Krieg, Naturkatastrophen, Unwetter oder Feuer kann der Eigent\u00fcmer den Mietvertrag ohne die Leistung einer Entsch\u00e4digung annullieren. In diesem Fall wird dem Mieter der bereits gezahlte Betrag zur\u00fcckerstattet.<\/p>\n<p>Die allgemeinen Bedingungen unterstehen schweizerischem Recht und der Gerichtsstand ist Sitten (VS).<\/p>\n","protected":false},"excerpt":{"rendered":"<p>Preise auf Anfrage. Aufenth\u00e4lte von midestens 7 N\u00e4chte. F\u00fcr Anmietungen von l\u00e4ngerer Dauer wird ein Rabatt von 10% f\u00fcr zus\u00e4tzliche Woche angewendet . Aufenthalte unter 7 N\u00e4chte m\u00f6glich nur f\u00fcr &#8222;Last Minute&#8220; Buchungen. Wochenweise Vermietung von Samstag 16 Uhr bis&#8230; <\/p>\n","protected":false},"author":1,"featured_media":426,"parent":0,"menu_order":0,"comment_status":"closed","ping_status":"closed","template":"","meta":{"footnotes":""},"class_list":["post-444","page","type-page","status-publish","has-post-thumbnail","hentry"],"yoast_head":"<!-- This site is optimized with the Yoast SEO plugin v25.9 - https:\/\/yoast.com\/wordpress\/plugins\/seo\/ -->\n<title>Preise &amp; Mietbedingungen | Adlernest | Mayens\u00e4ss zu mietein in Wallis<\/title>\n<meta name=\"description\" content=\"Ihre Ferien in einem authentischen Maiens\u00e4ss | Alph\u00fctte im Jahre 1911 gebaut. Heimkehr und Heilung mit Blick auf eine der sch\u00f6nsten Aussicht in die Alpen.\" \/>\n<meta name=\"robots\" content=\"index, follow, max-snippet:-1, max-image-preview:large, max-video-preview:-1\" \/>\n<link rel=\"canonical\" href=\"https:\/\/alp2100.ch\/de\/preise-mietbedingungen-adlernest-mayensaess-zu-mietein-in-wallis\/\" \/>\n<meta property=\"og:locale\" content=\"de_DE\" \/>\n<meta property=\"og:type\" content=\"article\" \/>\n<meta property=\"og:title\" content=\"Preise &amp; Mietbedingungen | Adlernest | Mayens\u00e4ss zu mietein in Wallis\" \/>\n<meta property=\"og:description\" content=\"Ihre Ferien in einem authentischen Maiens\u00e4ss | Alph\u00fctte im Jahre 1911 gebaut. Heimkehr und Heilung mit Blick auf eine der sch\u00f6nsten Aussicht in die Alpen.\" \/>\n<meta property=\"og:url\" content=\"https:\/\/alp2100.ch\/de\/preise-mietbedingungen-adlernest-mayensaess-zu-mietein-in-wallis\/\" \/>\n<meta property=\"og:site_name\" content=\"Alp 2100 | Mayen \u00e0 louer en Valais (Suisse) | Location mazot | Chalet isol\u00e9\" \/>\n<meta property=\"article:modified_time\" content=\"2024-09-27T14:02:21+00:00\" \/>\n<meta property=\"og:image\" content=\"https:\/\/alp2100.ch\/wp-content\/uploads\/2019\/09\/Chalet_Nid_d_Aigle_Volovron_le_peyo-1024x251.jpg\" \/>\n\t<meta property=\"og:image:width\" content=\"1024\" \/>\n\t<meta property=\"og:image:height\" content=\"251\" \/>\n\t<meta property=\"og:image:type\" content=\"image\/jpeg\" \/>\n<meta name=\"twitter:card\" content=\"summary_large_image\" \/>\n<meta name=\"twitter:label1\" content=\"Gesch\u00e4tzte Lesezeit\" \/>\n\t<meta name=\"twitter:data1\" content=\"3\u00a0Minuten\" \/>\n<script type=\"application\/ld+json\" class=\"yoast-schema-graph\">{\"@context\":\"https:\/\/schema.org\",\"@graph\":[{\"@type\":\"WebPage\",\"@id\":\"https:\/\/alp2100.ch\/de\/preise-mietbedingungen-adlernest-mayensaess-zu-mietein-in-wallis\/\",\"url\":\"https:\/\/alp2100.ch\/de\/preise-mietbedingungen-adlernest-mayensaess-zu-mietein-in-wallis\/\",\"name\":\"Preise & Mietbedingungen | Adlernest | Mayens\u00e4ss zu mietein in Wallis\",\"isPartOf\":{\"@id\":\"https:\/\/alp2100.ch\/de\/#website\"},\"primaryImageOfPage\":{\"@id\":\"https:\/\/alp2100.ch\/de\/preise-mietbedingungen-adlernest-mayensaess-zu-mietein-in-wallis\/#primaryimage\"},\"image\":{\"@id\":\"https:\/\/alp2100.ch\/de\/preise-mietbedingungen-adlernest-mayensaess-zu-mietein-in-wallis\/#primaryimage\"},\"thumbnailUrl\":\"https:\/\/alp2100.ch\/wp-content\/uploads\/2019\/09\/Chalet_Nid_d_Aigle_Volovron_le_peyo.jpg\",\"datePublished\":\"2019-09-02T14:37:05+00:00\",\"dateModified\":\"2024-09-27T14:02:21+00:00\",\"description\":\"Ihre Ferien in einem authentischen Maiens\u00e4ss | Alph\u00fctte im Jahre 1911 gebaut. Heimkehr und Heilung mit Blick auf eine der sch\u00f6nsten Aussicht in die Alpen.\",\"breadcrumb\":{\"@id\":\"https:\/\/alp2100.ch\/de\/preise-mietbedingungen-adlernest-mayensaess-zu-mietein-in-wallis\/#breadcrumb\"},\"inLanguage\":\"de\",\"potentialAction\":[{\"@type\":\"ReadAction\",\"target\":[\"https:\/\/alp2100.ch\/de\/preise-mietbedingungen-adlernest-mayensaess-zu-mietein-in-wallis\/\"]}]},{\"@type\":\"ImageObject\",\"inLanguage\":\"de\",\"@id\":\"https:\/\/alp2100.ch\/de\/preise-mietbedingungen-adlernest-mayensaess-zu-mietein-in-wallis\/#primaryimage\",\"url\":\"https:\/\/alp2100.ch\/wp-content\/uploads\/2019\/09\/Chalet_Nid_d_Aigle_Volovron_le_peyo.jpg\",\"contentUrl\":\"https:\/\/alp2100.ch\/wp-content\/uploads\/2019\/09\/Chalet_Nid_d_Aigle_Volovron_le_peyo.jpg\",\"width\":4432,\"height\":1088,\"caption\":\"Hut \/ Chalet Eagle\u2019s Nest (Evol\u00e8ne,Valais,Switzerland) - mountain cabin to rent in the swiss Alps\"},{\"@type\":\"BreadcrumbList\",\"@id\":\"https:\/\/alp2100.ch\/de\/preise-mietbedingungen-adlernest-mayensaess-zu-mietein-in-wallis\/#breadcrumb\",\"itemListElement\":[{\"@type\":\"ListItem\",\"position\":1,\"name\":\"Accueil\",\"item\":\"https:\/\/alp2100.ch\/de\/\"},{\"@type\":\"ListItem\",\"position\":2,\"name\":\"Buchen, Verf\u00fcgbarkeiten und allgemeine Bedingungen\"}]},{\"@type\":\"WebSite\",\"@id\":\"https:\/\/alp2100.ch\/de\/#website\",\"url\":\"https:\/\/alp2100.ch\/de\/\",\"name\":\"Alp 2100 | Mayen \u00e0 louer en Valais (Suisse) | Location mazot | Chalet isol\u00e9\",\"description\":\"\",\"potentialAction\":[{\"@type\":\"SearchAction\",\"target\":{\"@type\":\"EntryPoint\",\"urlTemplate\":\"https:\/\/alp2100.ch\/de\/?s={search_term_string}\"},\"query-input\":{\"@type\":\"PropertyValueSpecification\",\"valueRequired\":true,\"valueName\":\"search_term_string\"}}],\"inLanguage\":\"de\"}]}<\/script>\n<!-- \/ Yoast SEO plugin. -->","yoast_head_json":{"title":"Preise & Mietbedingungen | Adlernest | Mayens\u00e4ss zu mietein in Wallis","description":"Ihre Ferien in einem authentischen Maiens\u00e4ss | Alph\u00fctte im Jahre 1911 gebaut. Heimkehr und Heilung mit Blick auf eine der sch\u00f6nsten Aussicht in die Alpen.","robots":{"index":"index","follow":"follow","max-snippet":"max-snippet:-1","max-image-preview":"max-image-preview:large","max-video-preview":"max-video-preview:-1"},"canonical":"https:\/\/alp2100.ch\/de\/preise-mietbedingungen-adlernest-mayensaess-zu-mietein-in-wallis\/","og_locale":"de_DE","og_type":"article","og_title":"Preise & Mietbedingungen | Adlernest | Mayens\u00e4ss zu mietein in Wallis","og_description":"Ihre Ferien in einem authentischen Maiens\u00e4ss | Alph\u00fctte im Jahre 1911 gebaut. Heimkehr und Heilung mit Blick auf eine der sch\u00f6nsten Aussicht in die Alpen.","og_url":"https:\/\/alp2100.ch\/de\/preise-mietbedingungen-adlernest-mayensaess-zu-mietein-in-wallis\/","og_site_name":"Alp 2100 | Mayen \u00e0 louer en Valais (Suisse) | Location mazot | Chalet isol\u00e9","article_modified_time":"2024-09-27T14:02:21+00:00","og_image":[{"width":1024,"height":251,"url":"https:\/\/alp2100.ch\/wp-content\/uploads\/2019\/09\/Chalet_Nid_d_Aigle_Volovron_le_peyo-1024x251.jpg","type":"image\/jpeg"}],"twitter_card":"summary_large_image","twitter_misc":{"Gesch\u00e4tzte Lesezeit":"3\u00a0Minuten"},"schema":{"@context":"https:\/\/schema.org","@graph":[{"@type":"WebPage","@id":"https:\/\/alp2100.ch\/de\/preise-mietbedingungen-adlernest-mayensaess-zu-mietein-in-wallis\/","url":"https:\/\/alp2100.ch\/de\/preise-mietbedingungen-adlernest-mayensaess-zu-mietein-in-wallis\/","name":"Preise & Mietbedingungen | Adlernest | Mayens\u00e4ss zu mietein in Wallis","isPartOf":{"@id":"https:\/\/alp2100.ch\/de\/#website"},"primaryImageOfPage":{"@id":"https:\/\/alp2100.ch\/de\/preise-mietbedingungen-adlernest-mayensaess-zu-mietein-in-wallis\/#primaryimage"},"image":{"@id":"https:\/\/alp2100.ch\/de\/preise-mietbedingungen-adlernest-mayensaess-zu-mietein-in-wallis\/#primaryimage"},"thumbnailUrl":"https:\/\/alp2100.ch\/wp-content\/uploads\/2019\/09\/Chalet_Nid_d_Aigle_Volovron_le_peyo.jpg","datePublished":"2019-09-02T14:37:05+00:00","dateModified":"2024-09-27T14:02:21+00:00","description":"Ihre Ferien in einem authentischen Maiens\u00e4ss | Alph\u00fctte im Jahre 1911 gebaut. Heimkehr und Heilung mit Blick auf eine der sch\u00f6nsten Aussicht in die Alpen.","breadcrumb":{"@id":"https:\/\/alp2100.ch\/de\/preise-mietbedingungen-adlernest-mayensaess-zu-mietein-in-wallis\/#breadcrumb"},"inLanguage":"de","potentialAction":[{"@type":"ReadAction","target":["https:\/\/alp2100.ch\/de\/preise-mietbedingungen-adlernest-mayensaess-zu-mietein-in-wallis\/"]}]},{"@type":"ImageObject","inLanguage":"de","@id":"https:\/\/alp2100.ch\/de\/preise-mietbedingungen-adlernest-mayensaess-zu-mietein-in-wallis\/#primaryimage","url":"https:\/\/alp2100.ch\/wp-content\/uploads\/2019\/09\/Chalet_Nid_d_Aigle_Volovron_le_peyo.jpg","contentUrl":"https:\/\/alp2100.ch\/wp-content\/uploads\/2019\/09\/Chalet_Nid_d_Aigle_Volovron_le_peyo.jpg","width":4432,"height":1088,"caption":"Hut \/ Chalet Eagle\u2019s Nest (Evol\u00e8ne,Valais,Switzerland) - mountain cabin to rent in the swiss Alps"},{"@type":"BreadcrumbList","@id":"https:\/\/alp2100.ch\/de\/preise-mietbedingungen-adlernest-mayensaess-zu-mietein-in-wallis\/#breadcrumb","itemListElement":[{"@type":"ListItem","position":1,"name":"Accueil","item":"https:\/\/alp2100.ch\/de\/"},{"@type":"ListItem","position":2,"name":"Buchen, Verf\u00fcgbarkeiten und allgemeine Bedingungen"}]},{"@type":"WebSite","@id":"https:\/\/alp2100.ch\/de\/#website","url":"https:\/\/alp2100.ch\/de\/","name":"Alp 2100 | Mayen \u00e0 louer en Valais (Suisse) | Location mazot | Chalet isol\u00e9","description":"","potentialAction":[{"@type":"SearchAction","target":{"@type":"EntryPoint","urlTemplate":"https:\/\/alp2100.ch\/de\/?s={search_term_string}"},"query-input":{"@type":"PropertyValueSpecification","valueRequired":true,"valueName":"search_term_string"}}],"inLanguage":"de"}]}},"_links":{"self":[{"href":"https:\/\/alp2100.ch\/de\/wp-json\/wp\/v2\/pages\/444","targetHints":{"allow":["GET"]}}],"collection":[{"href":"https:\/\/alp2100.ch\/de\/wp-json\/wp\/v2\/pages"}],"about":[{"href":"https:\/\/alp2100.ch\/de\/wp-json\/wp\/v2\/types\/page"}],"author":[{"embeddable":true,"href":"https:\/\/alp2100.ch\/de\/wp-json\/wp\/v2\/users\/1"}],"replies":[{"embeddable":true,"href":"https:\/\/alp2100.ch\/de\/wp-json\/wp\/v2\/comments?post=444"}],"version-history":[{"count":10,"href":"https:\/\/alp2100.ch\/de\/wp-json\/wp\/v2\/pages\/444\/revisions"}],"predecessor-version":[{"id":970,"href":"https:\/\/alp2100.ch\/de\/wp-json\/wp\/v2\/pages\/444\/revisions\/970"}],"wp:featuredmedia":[{"embeddable":true,"href":"https:\/\/alp2100.ch\/de\/wp-json\/wp\/v2\/media\/426"}],"wp:attachment":[{"href":"https:\/\/alp2100.ch\/de\/wp-json\/wp\/v2\/media?parent=444"}],"curies":[{"name":"wp","href":"https:\/\/api.w.org\/{rel}","templated":true}]}}